{"id":909,"date":"2024-10-06T10:40:27","date_gmt":"2024-10-06T08:40:27","guid":{"rendered":"https:\/\/www.laempanaderiaespanola.com\/?page_id=909"},"modified":"2024-10-06T10:40:27","modified_gmt":"2024-10-06T08:40:27","slug":"legal","status":"publish","type":"page","link":"https:\/\/www.laempanaderiaespanola.com\/es\/legal\/","title":{"rendered":"Condiciones legales"},"content":{"rendered":"\n<p>La Empanaderia Espa\u00f1ola S.L. con CIF B37545027 bajo el nombre comercial \u00abLa Empanaderia Espa\u00f1ola\u00bb  es la responsable de\u00a0<strong>www.laempanaderiaespanola.com\u00a0<\/strong>est\u00e1 sita en\u00a0Watt 2, 37188 Carbajosa de la Sagrada, Salamanca, SPAIN y la direcci\u00f3n de correo\u00a0<strong>info@laempanaderiaespanola.com\u00a0<\/strong>donde puede dirigirse en caso de conflicto o petici\u00f3n de informaci\u00f3n sobre este aviso.<\/p>\n\n\n\n<p>La finalidad de este sitio Web es facilitar, al p\u00fablico en general el conocimiento de los productos y\/o servicios que ofrece. La informaci\u00f3n que contiene este sitio Web es la vigente a la fecha de su \u00faltima actualizaci\u00f3n y ha de ser considerada \u00fanicamente a efectos informativos.<\/p>\n\n\n\n<p><strong>CONDICIONES DE UTILIZACI\u00d3N<\/strong><\/p>\n\n\n\n<p>El navegante se compromete a utilizar este sitio Web sin incurrir en actividades que puedan ser consideradas il\u00edcitas o ilegales, que infrinjan los derechos de El Propietario o de terceros, o que puedan atentar contra la moral o las normas de etiqueta de la red. Asimismo, el navegante se compromete expresamente a no realizar ninguna de las siguientes actividades:<\/p>\n\n\n\n<ul class=\"wp-block-list\">\n<li>Destruir, alterar, inutilizar o de cualquier otra forma da\u00f1ar los datos, programas o documentos electr\u00f3nicos de El Propietario o de terceros.<\/li>\n\n\n\n<li>Obstaculizar el acceso de otros usuarios, as\u00ed como a realizar acciones que da\u00f1en, interrumpan o generen errores en los sistemas.<\/li>\n\n\n\n<li>Intentar leer, borrar, copiar o modificar los mensajes de correo electr\u00f3nico de otros usuarios.<\/li>\n\n\n\n<li>Utilizar el sistema para intentar acceder a \u00e1reas restringidas de los sistemas inform\u00e1ticos de El Propietario o de terceros.<\/li>\n\n\n\n<li>Intentar aumentar el nivel de privilegios de un usuario en el sistema.<\/li>\n\n\n\n<li>Introducir programas, virus, macros, exploits, o cualquier otro dispositivo l\u00f3gico o secuencia de caracteres que causen o sean susceptibles de causar cualquier tipo de alteraci\u00f3n en los sistemas inform\u00e1ticos de El Propietario.es o de terceros.<\/li>\n\n\n\n<li>Queda prohibido, excepto en los casos de expresa autorizaci\u00f3n, establecer enlaces, hiperv\u00ednculos o links, desde portales o sitios Web de terceros a p\u00e1ginas del sitio Web de El Propietario o la que sustituya en el futuro, as\u00ed como presentar las p\u00e1ginas Web del Propietario o la informaci\u00f3n que contienen bajo frames o marcas, signos distintivos, marcas o denominaciones sociales o comerciales de otra persona, empresa o entidad.<\/li>\n<\/ul>\n\n\n\n<p>En particular, a t\u00edtulo meramente enunciativo y no exhaustivo, se considerar\u00e1 terminantemente prohibido el uso del sitio web con los siguientes fines o consecuencias:<\/p>\n\n\n\n<ul class=\"wp-block-list\">\n<li>Cuando, en cualquier forma se violen o menoscaben derechos y libertades fundamentales.<\/li>\n\n\n\n<li>Cuando introduzcan, inciten o promuevan actuaciones delictivas, denigratorias, difamatorias, infamantes, violentas o, en general, contrarias a ley, la moral, las buenas costumbres o el orden p\u00fablico.<\/li>\n\n\n\n<li>Cuando se encuentren protegidos por cualesquiera derechos de propiedad intelectual o industrial pertenecientes a terceros, salvo previa y expresa autorizaci\u00f3n de su leg\u00edtimo titular.<\/li>\n\n\n\n<li>Constituyan publicidad il\u00edcita, enga\u00f1osa o desleal, o competencia desleal.<\/li>\n\n\n\n<li>Cuando se vulnere el derecho al honor, a la intimidad personal y familiar o a la propia imagen de las personas.<\/li>\n\n\n\n<li>Cuando se pueda difundir cualquier tipo de virus inform\u00e1tico que pueda provocar da\u00f1os o alteraciones no autorizadas de los contenidos o sistemas de cualquier clase accesibles a trav\u00e9s del sitio web.<\/li>\n<\/ul>\n\n\n\n<p>El propietario, se reserva el derecho de excluir al usuario del servicio activo, sin previo aviso, en caso de que lleve alguna de las actividades anteriores y a ejercitar las acciones legales que considere oportunas. En cualquier caso el Propietario no tiene obligaci\u00f3n de controlar los contenidos transmitidos, difundidos o puestos a disposici\u00f3n de terceros por parte de los usuarios, salvo los supuestos en que as\u00ed lo exija la legislaci\u00f3n vigente o cuando sea requerido por la autoridad judicial o administrativa competente.<\/p>\n\n\n\n<p>Cualquier comentario, opini\u00f3n o declaraci\u00f3n realizada dentro de los servicios activos pertenecer\u00e1n exclusivamente a los usuarios que expresen dichas opiniones y en ning\u00fan caso se entender\u00e1 que provienen del Propietario, manteni\u00e9ndose \u00e9ste indemne y libre de cargas ante cualquier reclamaci\u00f3n que surgiera por la utilizaci\u00f3n de estos servicios activos por un usuario en la manera&nbsp; en que se proh\u00edbe en este contrato o en la ley.<\/p>\n\n\n\n<p>Los tipos de datos recogidos a trav\u00e9s de los formularios, suscripci\u00f3n a las noticias, etc. son datos b\u00e1sicos como el nombre, direcci\u00f3n, localidad, tel\u00e9fono, e-mail y forma de pago que son proporcionales al tipo de los servicios prestados.<br>El periodo de almacenamiento de sus datos ser\u00e1 de 3 a\u00f1os cuando ninguna Ley obligue a que sean guardados por un periodo de tiempo mayor, o hasta que el servicio a prestar sea mayor de esos 3 a\u00f1os.<\/p>\n\n\n\n<p>Este sitio Web est\u00e1 protegido por las Medidas t\u00e9cnicas y organizativas de seguridad suficientes, el env\u00edo de datos est\u00e1 cifrado&nbsp; para las transacciones de datos que son necesarias.<\/p>\n\n\n\n<p><strong>PROPIEDAD INTELECTUAL.<\/strong><\/p>\n\n\n\n<p>Los derechos de propiedad intelectual sobre <strong>laempanaderiaespanola.com<\/strong> se extienden, no s\u00f3lo al contenido y t\u00edtulo del mismo, sino tambi\u00e9n a su logotipo, dise\u00f1o, im\u00e1genes, texturas, gr\u00e1ficos y cualquier otro contenido del mismo, as\u00ed como, el c\u00f3digo con el que se encuentra programado, estando todos ellos protegidos con arreglo a Ley 21\/2014, de 4 de noviembre, por la que se modifica el texto refundido de la Ley de Propiedad Intelectual, aprobado por Real Decreto Legislativo 1\/1996, de 12 de abril, y la Ley 1\/2000, de 7 de enero, de Enjuiciamiento Civil y dem\u00e1s legislaci\u00f3n espa\u00f1ola e internacional vigente relativa a los derechos de autor.<\/p>\n\n\n\n<p>Igualmente Los derechos de propiedad intelectual y marcas de terceros que aparecen en el sitio Web son propiedad de ellos y deben ser respetados, no siendo responsabilidad del Propietario&nbsp;el uso que el usuario pueda dar, recayendo la responsabilidad exclusiva en su persona de todas las acciones legales que dichos terceros puedan llevar a cabo.<\/p>\n\n\n\n<p>El propietario no se hace responsable de la utilizaci\u00f3n por parte de los clientes\/usuarios y se reserva los derechos de reproducci\u00f3n, modificaci\u00f3n, adaptaci\u00f3n, comunicaci\u00f3n p\u00fablica, mantenimiento, cesi\u00f3n, venta, alquiler, pr\u00e9stamo y cualquier otro derecho de propiedad intelectual que puedan corresponderle sobre los contenidos del sitio web, prohibi\u00e9ndose, expresamente, el ejercicio de los anteriores derechos sin autorizaci\u00f3n expresa de su titular. Cualquier ejercicio de los anteriores derechos, con independencia del medio o forma en el que se produzcan, requiere autorizaci\u00f3n previa y expresa del Propietario. En ning\u00fan caso, el Propietario ser\u00e1 responsable de las posibles infracciones que, en materia de propiedad intelectual, pueda cometer cualquier Cliente\/usuario.<\/p>\n\n\n\n<p>Todos los textos e im\u00e1genes contenidos en el sitio web poseen derechos de autor y no pueden ser reproducidos ni en su totalidad ni en parte, sin autorizaci\u00f3n escrita de sus propietarios legales.<\/p>\n\n\n\n<p><strong>AVISO SOBRE TERCERAS PARTES<\/strong><\/p>\n\n\n\n<p>El Propietario es titular o licenciatario leg\u00edtimo, con excepci\u00f3n de los que est\u00e9n registrados a nombre de sus colaboradores u otras empresas publicitadas en dicha Web, que estar\u00e1n, en ese caso, registradas a nombre de las empresas correspondientes y de las cuales El Propietario no se responsabiliza de su situaci\u00f3n legal o registral. El Propietario, no otorga ninguna garant\u00eda sobre la licitud y legalidad de la informaci\u00f3n o de los elementos que contienen las p\u00e1ginas de este sitio Web cuando su titularidad no corresponda a El Propietario ni a las empresas de su grupo.<\/p>\n\n\n\n<p><strong>EXCLUSI\u00d3N DE RESPONSABILIDAD.<\/strong><\/p>\n\n\n\n<p>El Propietario rechaza cualquier responsabilidad que se derive de la utilizaci\u00f3n err\u00f3nea de los contenidos del sitio Web o su interpretaci\u00f3n y se reserva el derecho a actualizar su contenido cuando quiera, eliminar total o parcialmente lo que considere oportuno y a limitar o impedir el acceso de manera temporal o definitiva. No est\u00e1 permitida la modificaci\u00f3n del Sitio Web o de su contenido a personas ajenas al Propietario o al personal autorizado por el mismo. El acceso a este Sitio Web&nbsp;y el uso de la informaci\u00f3n que contiene es responsabilidad exclusiva del usuario. El Propietario no garantiza que el sitio Web o el servidor est\u00e9n libres de virus inform\u00e1ticos y no se hace responsable de los da\u00f1os que pudieran ser causados por el acceso al Sitio o por la imposibilidad de acceder a \u00e9l, ni de los posibles fallos de seguridad que se puedan producir por el hecho de utilizar versiones de navegadores no actualizadas, ni de las consecuencias que se puedan derivar del mal funcionamiento del navegador o debido a una acci\u00f3n dolosa del usuario y\/o por origen de causas de fuerza mayor (operadores y compa\u00f1\u00eda de servicios, falta de acceso a redes de terceros, ataques de hackers, fallos producidos como consecuencia de fen\u00f3menos naturales, etc.) correspondiendo al usuario la disponibilidad de herramientas adecuadas para la detecci\u00f3n y desinfecci\u00f3n de programas inform\u00e1ticos da\u00f1inos. El Propietario No se hace responsable de la informaci\u00f3n contenida en los enlaces de Web a terceros que figuren en este sitio Web ni de sus contenidos o errores.<\/p>\n\n\n\n<p><strong>LEGISLACI\u00d3N APLICABLE Y JURISDICCI\u00d3N<\/strong><\/p>\n\n\n\n<p>Para toda acci\u00f3n litigiosa o que incumba a este Sitio web&nbsp;ser\u00e1 de aplicaci\u00f3n la legislaci\u00f3n&nbsp;espa\u00f1ola, siendo competentes para la resoluci\u00f3n de todos los conflictos derivados o relacionados&nbsp; con el uso del presente sitio web, los Juzgados y Tribunales de la localidad donde el propietario est\u00e1 registrado.<\/p>\n\n\n\n<p><strong>PROTECCI\u00d3N DE DATOS PERSONALES<\/strong><\/p>\n\n\n\n<p>En virtud de lo dispuesto en el reglamento (UE) 2016\/679 del parlamento europeo y del consejo de 27 de abril de 2016 relativo a la protecci\u00f3n de las personas f\u00edsicas y la LSSI-CE 34\/2002, de 11 de julio, de la Sociedad de la Informaci\u00f3n y de Comercio Electr\u00f3nico: Informamos que los datos personales que nos son facilitados a trav\u00e9s de los formularios accesibles desde el sitio Web, pueden ser incluidos en uno o varios ficheros, que mantienen las debidas condiciones para garantizar la seguridad de los datos y evitar su alteraci\u00f3n, p\u00e9rdida, tratamiento o acceso no autorizado, seg\u00fan nuestro documento de seguridad.<\/p>\n\n\n\n<p><strong>Responsabilidad<\/strong>: la responsabilidad del tratamiento es de<strong>l hosting gestionado por&nbsp;<a href=\"https:\/\/www.zona.digital\/\" target=\"_blank\" rel=\"noreferrer noopener nofollow\">www.zona.digital<\/a><\/strong><\/p>\n\n\n\n<p><strong>Finalidad:<\/strong>&nbsp;Estos datos pueden ser tratados y utilizados para las actividades inherentes al objeto social de \u201cEl Propietario del sitio\u201d o que nos son propias de nuestra actividad comercial o de actuaci\u00f3n, en especial a las referidas a la comercializaci\u00f3n de productos y servicios, tramitaci\u00f3n de expedientes y env\u00edos de notificaciones informativas o de aviso. Sus datos no ser\u00e1n utilizados con un fin distinto al que usted nos solicit\u00f3.<\/p>\n\n\n\n<p><strong>Obtenci\u00f3n de los datos:<\/strong>&nbsp;la obtenci\u00f3n de sus datos por este medio nos llegar\u00e1 a trav\u00e9s de los distintos formularios que usted, de forma voluntaria, inscriba y acepte los diferentes avisos legales y de consentimiento.<\/p>\n\n\n\n<p><strong>Destinatarios:<\/strong>&nbsp;garantizamos que sus datos personales solo ser\u00e1n comunicados a terceros para cumplir con la ley vigente, para conseguir la finalidad solicitada por usted a trav\u00e9s de colaboradores o empresas necesarias para llevar a buen t\u00e9rmino los servicios que solicit\u00f3 a trav\u00e9s de este sitio Web<strong>.<\/strong><\/p>\n\n\n\n<p><strong>Conservaci\u00f3n de datos:&nbsp;<\/strong>sus datos ser\u00e1n conservados mientras se mantenga la finalidad para la que han sido recabados; cuando ya no sea necesario para tal fin se mantendr\u00e1n los datos que sean necesario para cumplir la legalidad inherente a la finalidad, siendo de un a\u00f1o para la petici\u00f3n de informaci\u00f3n y presupuestos y los que exija la ley vigente para contratos vinculantes y documentos contables que se lleguen a producir, trascurridos los plazos legales se adoptar\u00e1n la medidas oportunas para su destrucci\u00f3n, seg\u00fan exija la ley de protecci\u00f3n de datos vigente. &nbsp;<\/p>\n\n\n\n<p><strong>Legitimaci\u00f3n:<\/strong>&nbsp;se sustenta en la mera solicitud, por parte del afectado, de cualquier tipo de informaci\u00f3n o la formalizaci\u00f3n de la relaci\u00f3n comercial por la adquisici\u00f3n de productos y\/o servicios, por la ejecuci\u00f3n de un contrato o la subscripci\u00f3n para recibir comunicados comerciales o informes de inter\u00e9s solicitados por usted<\/p>\n\n\n\n<p><strong>Derechos:<\/strong>\u00a0usted, como cliente\/usuario podr\u00e1 ejercer sus derechos de\u00a0<strong>acceso, rectificaci\u00f3n, supresi\u00f3n, oposici\u00f3n, limitaci\u00f3n del tratamiento<\/strong>, as\u00ed como la\u00a0<strong>portabilidad<\/strong>\u00a0de sus datos personales, o retirar el consentimiento prestado anteriormente, enviando un escrito al correo\u00a0<strong>info@laempanaderiaespanola.com<\/strong><\/p>\n\n\n\n<p><strong>Garant\u00edas del usuario<\/strong>: El usuario garantiza que los datos que nos facilita a trav\u00e9s de esta Web son veraces y mantendr\u00e1 actualizada la informaci\u00f3n que facilite de forma que corresponda a su situaci\u00f3n actual, siendo el \u00fanico responsable de posibles falsedades en los datos o inexactitudes; del mismo modo ser\u00e1, por este motivo, el \u00fanico responsable de los perjuicios que cause a\u00a0<strong>info@laempanaderiaespanola.com <\/strong>o a terceros<\/p>\n\n\n\n<p>Igualmente, de acuerdo con la Ley34\/2002 de Servicios de la Sociedad de la Informaci\u00f3n y del Comercio Electr\u00f3nico, presta su consentimiento expreso para recibir comunicaciones comerciales por correo electr\u00f3nico, pudiendo revocarlo en cualquier momento remitiendo un correo electr\u00f3nico con Asunto de Mensaje<strong>\u00a0\u201cBaja\u201d a\u00a0info@laempanaderiaespanola.com<\/strong><\/p>\n\n\n\n<p><strong>Medidas de Seguridad:<\/strong>&nbsp;Su dato ser\u00e1n tratados de forma confidencial, guardando el preceptivo deber de secreto respecto de los mismos, de conformidad con lo previsto en la legislaci\u00f3n vigente, para lo cual se han adoptado las medidas de \u00edndole t\u00e9cnica y organizativa necesaria que garantizan la seguridad de sus datos y evitan su alteraci\u00f3n, p\u00e9rdida, tratamiento o acceso no autorizado. Habida cuenta del estado de la tecnolog\u00eda, la naturaleza de los datos almacenados y los riesgos a que est\u00e1n expuestos, en caso de que se produjera robo, ataque u otras vulneraciones, se le informar\u00e1 a usted y al organismo competente antes de transcurrir 72 horas desde el suceso.<\/p>\n\n\n\n<p><strong>Autoridad de control<\/strong>: Agencia Espa\u00f1ola de Protecci\u00f3n de Datos (AEPD) C\/ Jorge Juan N\u00ba6 \u2013 28001 \u2013 Madrid 912663517 www.agpd.es<\/p>\n\n\n\n<p>Todos los derechos reservados<\/p>\n","protected":false},"excerpt":{"rendered":"<p>La Empanaderia Espa\u00f1ola S.L. con CIF B37545027 bajo el nombre comercial \u00abLa Empanaderia Espa\u00f1ola\u00bb es la responsable de\u00a0www.laempanaderiaespanola.com\u00a0est\u00e1 sita en\u00a0Watt 2, 37188 Carbajosa de la Sagrada, Salamanca, SPAIN y la direcci\u00f3n de correo\u00a0info@laempanaderiaespanola.com\u00a0donde puede dirigirse en caso de conflicto o petici\u00f3n de informaci\u00f3n sobre este aviso. La finalidad de este sitio Web es facilitar, al [&#8230;]\n","protected":false},"author":1,"featured_media":0,"parent":0,"menu_order":0,"comment_status":"closed","ping_status":"closed","template":"","meta":{"footnotes":""},"class_list":["post-909","page","type-page","status-publish","hentry"],"_links":{"self":[{"href":"https:\/\/www.laempanaderiaespanola.com\/es\/wp-json\/wp\/v2\/pages\/909","targetHints":{"allow":["GET"]}}],"collection":[{"href":"https:\/\/www.laempanaderiaespanola.com\/es\/wp-json\/wp\/v2\/pages"}],"about":[{"href":"https:\/\/www.laempanaderiaespanola.com\/es\/wp-json\/wp\/v2\/types\/page"}],"author":[{"embeddable":true,"href":"https:\/\/www.laempanaderiaespanola.com\/es\/wp-json\/wp\/v2\/users\/1"}],"replies":[{"embeddable":true,"href":"https:\/\/www.laempanaderiaespanola.com\/es\/wp-json\/wp\/v2\/comments?post=909"}],"version-history":[{"count":2,"href":"https:\/\/www.laempanaderiaespanola.com\/es\/wp-json\/wp\/v2\/pages\/909\/revisions"}],"predecessor-version":[{"id":1331,"href":"https:\/\/www.laempanaderiaespanola.com\/es\/wp-json\/wp\/v2\/pages\/909\/revisions\/1331"}],"wp:attachment":[{"href":"https:\/\/www.laempanaderiaespanola.com\/es\/wp-json\/wp\/v2\/media?parent=909"}],"curies":[{"name":"wp","href":"https:\/\/api.w.org\/{rel}","templated":true}]}}