{"id":721,"date":"2024-09-30T18:40:26","date_gmt":"2024-09-30T16:40:26","guid":{"rendered":"https:\/\/www.laempanaderiaespanola.com\/?page_id=721"},"modified":"2024-10-05T22:01:28","modified_gmt":"2024-10-05T20:01:28","slug":"why-we-are-different","status":"publish","type":"page","link":"https:\/\/www.laempanaderiaespanola.com\/es\/a-healthy-baked-dish-typical-spanish-food-by-la-empanaderia-espanola\/why-we-are-different\/","title":{"rendered":"Por qu\u00e9 somos diferentes"},"content":{"rendered":"\n\n\t<section class=\"section\" id=\"section_1163933599\">\n\t\t<div class=\"section-bg fill\" >\n\t\t\t\t\t\t\t\t\t\n\t\t\t\n\n\t\t<\/div>\n\n\t\t\n\n\t\t<div class=\"section-content relative\">\n\t\t\t\n\n<div class=\"container section-title-container\" ><h2 class=\"section-title section-title-normal\"><b><\/b><span class=\"section-title-main\" style=\"font-size:119%;\">Por qu\u00e9 somos diferentes<\/span><b><\/b><\/h2><\/div>\n\n<div class=\"row\"  id=\"row-421450756\">\n\n\n\t<div id=\"col-399828877\" class=\"col medium-4 small-12 large-4\"  >\n\t\t\t\t<div class=\"col-inner\"  >\n\t\t\t\n\t\t\t\n\n\t<div class=\"box has-hover   has-hover box-text-bottom\" >\n\n\t\t<div class=\"box-image\" >\n\t\t\t\t\t\t<div class=\"image-cover\" style=\"padding-top:250px;\">\n\t\t\t\t<img loading=\"lazy\" decoding=\"async\" width=\"1202\" height=\"868\" src=\"https:\/\/www.laempanaderiaespanola.com\/wp-content\/uploads\/2024\/10\/OBRADOR-DE-CIUDAD-RODRIGO-en-1984-sepia.jpg\" class=\"attachment- size-\" alt=\"OBRADOR DE CIUDAD RODRIGO en 1984 sepia\" srcset=\"https:\/\/www.laempanaderiaespanola.com\/wp-content\/uploads\/2024\/10\/OBRADOR-DE-CIUDAD-RODRIGO-en-1984-sepia.jpg 1202w, https:\/\/www.laempanaderiaespanola.com\/wp-content\/uploads\/2024\/10\/OBRADOR-DE-CIUDAD-RODRIGO-en-1984-sepia-300x217.jpg 300w, https:\/\/www.laempanaderiaespanola.com\/wp-content\/uploads\/2024\/10\/OBRADOR-DE-CIUDAD-RODRIGO-en-1984-sepia-1024x739.jpg 1024w, https:\/\/www.laempanaderiaespanola.com\/wp-content\/uploads\/2024\/10\/OBRADOR-DE-CIUDAD-RODRIGO-en-1984-sepia-768x555.jpg 768w\" sizes=\"auto, (max-width: 1202px) 100vw, 1202px\" \/>\t\t\t\t\t\t\t\t\t\t\t<\/div>\n\t\t\t\t\t<\/div>\n\n\t\t<div class=\"box-text text-center\" >\n\t\t\t<div class=\"box-text-inner\">\n\t\t\t\t\n\n\t<div id=\"text-347574699\" class=\"text\">\n\t\t\n\n<p>En la Empanader\u00eda Espa\u00f1ola, nos enorgullece ser <strong>la tercera generaci\u00f3n<\/strong> de una empresa familiar dedicada a la elaboraci\u00f3n de <strong>empanadas, hornazos y tartas congeladas<\/strong> de alta calidad. Cada producto refleja pasi\u00f3n, experiencia y cari\u00f1o.<\/p>\n\t\t\n<style>\n#text-347574699 {\n  font-size: 1.1rem;\n}\n<\/style>\n\t<\/div>\n\t\n\n\t\t\t<\/div>\n\t\t<\/div>\n\t<\/div>\n\t\n\n\t\t<\/div>\n\t\t\t\t\t<\/div>\n\n\t\n\n\t<div id=\"col-1638915616\" class=\"col medium-4 small-12 large-4\"  >\n\t\t\t\t<div class=\"col-inner\"  >\n\t\t\t\n\t\t\t\n\n\t<div class=\"box has-hover   has-hover box-text-bottom\" >\n\n\t\t<div class=\"box-image\" >\n\t\t\t\t\t\t<div class=\"image-cover\" style=\"padding-top:250px;\">\n\t\t\t\t<img loading=\"lazy\" decoding=\"async\" width=\"863\" height=\"531\" src=\"https:\/\/www.laempanaderiaespanola.com\/wp-content\/uploads\/2024\/09\/hojaldre.png\" class=\"attachment- size-\" alt=\"hojaldre\" srcset=\"https:\/\/www.laempanaderiaespanola.com\/wp-content\/uploads\/2024\/09\/hojaldre.png 863w, https:\/\/www.laempanaderiaespanola.com\/wp-content\/uploads\/2024\/09\/hojaldre-300x185.png 300w, https:\/\/www.laempanaderiaespanola.com\/wp-content\/uploads\/2024\/09\/hojaldre-768x473.png 768w\" sizes=\"auto, (max-width: 863px) 100vw, 863px\" \/>\t\t\t\t\t\t\t\t\t\t\t<\/div>\n\t\t\t\t\t<\/div>\n\n\t\t<div class=\"box-text text-center\" >\n\t\t\t<div class=\"box-text-inner\">\n\t\t\t\t\n\n\t<div id=\"text-1947558899\" class=\"text\">\n\t\t\n\n<p><strong>Nuestro hojaldre \u00fanico<\/strong> es una de nuestras principales diferencias. Elaborado con una <strong>f\u00f3rmula secreta heredada<\/strong> de nuestros antepasados, este hojaldre tiene una <strong>textura y un sabor inigualables<\/strong> que marcan la diferencia en cada bocado.<\/p>\n\t\t\n<style>\n#text-1947558899 {\n  font-size: 1.1rem;\n}\n<\/style>\n\t<\/div>\n\t\n\n\t\t\t<\/div>\n\t\t<\/div>\n\t<\/div>\n\t\n\n\t\t<\/div>\n\t\t\t\t\t<\/div>\n\n\t\n\n\t<div id=\"col-1805953015\" class=\"col medium-4 small-12 large-4\"  >\n\t\t\t\t<div class=\"col-inner\"  >\n\t\t\t\n\t\t\t\n\n\t<div class=\"box has-hover   has-hover box-text-bottom\" >\n\n\t\t<div class=\"box-image\" >\n\t\t\t\t\t\t<div class=\"image-cover\" style=\"padding-top:250px;\">\n\t\t\t\t<img loading=\"lazy\" decoding=\"async\" width=\"1258\" height=\"801\" src=\"https:\/\/www.laempanaderiaespanola.com\/wp-content\/uploads\/2024\/09\/relleno.png\" class=\"attachment- size-\" alt=\"relleno\" srcset=\"https:\/\/www.laempanaderiaespanola.com\/wp-content\/uploads\/2024\/09\/relleno.png 1258w, https:\/\/www.laempanaderiaespanola.com\/wp-content\/uploads\/2024\/09\/relleno-300x191.png 300w, https:\/\/www.laempanaderiaespanola.com\/wp-content\/uploads\/2024\/09\/relleno-1024x652.png 1024w, https:\/\/www.laempanaderiaespanola.com\/wp-content\/uploads\/2024\/09\/relleno-768x489.png 768w\" sizes=\"auto, (max-width: 1258px) 100vw, 1258px\" \/>\t\t\t\t\t\t\t\t\t\t\t<\/div>\n\t\t\t\t\t<\/div>\n\n\t\t<div class=\"box-text text-center\" >\n\t\t\t<div class=\"box-text-inner\">\n\t\t\t\t\n\n\t<div id=\"text-3888035313\" class=\"text\">\n\t\t\n\n<p><strong>Los rellenos<\/strong> de nuestras empanadas y hornazos son <strong>abundantes y est\u00e1n elaborados con ingredientes t\u00edpicos de la dieta mediterr\u00e1nea<\/strong>, como carnes magras, pescados frescos, verduras de huerta y aceite de oliva. <strong>Recetas propias<\/strong>, desarrolladas tras a\u00f1os de investigaci\u00f3n, que garantizan un producto final saludable y delicioso. <strong>Nuestros rellenos<\/strong> suponen el mayor porcentaje del producto final <strong>(Hasta un 60% de su peso),<\/strong> ofreciendo sabores intensos y aut\u00e9nticos.<\/p>\n\t\t\n<style>\n#text-3888035313 {\n  font-size: 1.1rem;\n}\n<\/style>\n\t<\/div>\n\t\n\n\t\t\t<\/div>\n\t\t<\/div>\n\t<\/div>\n\t\n\n\t\t<\/div>\n\t\t\t\t\t<\/div>\n\n\t\n\n\t<div id=\"col-294487028\" class=\"col small-12 large-12\"  >\n\t\t\t\t<div class=\"col-inner\"  >\n\t\t\t\n\t\t\t\n\n\t<div class=\"img has-hover x md-x lg-x y md-y lg-y\" id=\"image_189704666\">\n\t\t\t\t\t\t\t\t<div class=\"img-inner image-cover dark\" style=\"padding-top:250px;\">\n\t\t\t<img loading=\"lazy\" decoding=\"async\" width=\"1020\" height=\"472\" src=\"https:\/\/www.laempanaderiaespanola.com\/wp-content\/uploads\/2024\/09\/In-Spain-bars-and-restaurants-use-empanadas-and-hornazos-from-La-Empanaderia-Espanola-for-tapas-and-pinchos-1024x474.webp\" class=\"attachment-large size-large\" alt=\"In Spain, bars and restaurants use empanadas and hornazos from La Empanaderia Espanola for tapas and pinchos.\" srcset=\"https:\/\/www.laempanaderiaespanola.com\/wp-content\/uploads\/2024\/09\/In-Spain-bars-and-restaurants-use-empanadas-and-hornazos-from-La-Empanaderia-Espanola-for-tapas-and-pinchos-1024x474.webp 1024w, https:\/\/www.laempanaderiaespanola.com\/wp-content\/uploads\/2024\/09\/In-Spain-bars-and-restaurants-use-empanadas-and-hornazos-from-La-Empanaderia-Espanola-for-tapas-and-pinchos-300x139.webp 300w, https:\/\/www.laempanaderiaespanola.com\/wp-content\/uploads\/2024\/09\/In-Spain-bars-and-restaurants-use-empanadas-and-hornazos-from-La-Empanaderia-Espanola-for-tapas-and-pinchos-768x355.webp 768w, https:\/\/www.laempanaderiaespanola.com\/wp-content\/uploads\/2024\/09\/In-Spain-bars-and-restaurants-use-empanadas-and-hornazos-from-La-Empanaderia-Espanola-for-tapas-and-pinchos-1536x710.webp 1536w, https:\/\/www.laempanaderiaespanola.com\/wp-content\/uploads\/2024\/09\/In-Spain-bars-and-restaurants-use-empanadas-and-hornazos-from-La-Empanaderia-Espanola-for-tapas-and-pinchos.webp 1920w\" sizes=\"auto, (max-width: 1020px) 100vw, 1020px\" \/>\t\t\t\t\t\t\n\t\t\t\t\t<\/div>\n\t\t\t\t\t\t\t\t\n<style>\n#image_189704666 {\n  width: 100%;\n}\n<\/style>\n\t<\/div>\n\t\n\n\n\t\t<\/div>\n\t\t\t\t\t<\/div>\n\n\t\n\n<\/div>\n\n\t\t<\/div>\n\n\t\t\n<style>\n#section_1163933599 {\n  padding-top: 30px;\n  padding-bottom: 30px;\n}\n<\/style>\n\t<\/section>\n\t\n\n","protected":false},"excerpt":{"rendered":"","protected":false},"author":1,"featured_media":0,"parent":22,"menu_order":0,"comment_status":"closed","ping_status":"closed","template":"page-blank.php","meta":{"footnotes":""},"class_list":["post-721","page","type-page","status-publish","hentry"],"_links":{"self":[{"href":"https:\/\/www.laempanaderiaespanola.com\/es\/wp-json\/wp\/v2\/pages\/721","targetHints":{"allow":["GET"]}}],"collection":[{"href":"https:\/\/www.laempanaderiaespanola.com\/es\/wp-json\/wp\/v2\/pages"}],"about":[{"href":"https:\/\/www.laempanaderiaespanola.com\/es\/wp-json\/wp\/v2\/types\/page"}],"author":[{"embeddable":true,"href":"https:\/\/www.laempanaderiaespanola.com\/es\/wp-json\/wp\/v2\/users\/1"}],"replies":[{"embeddable":true,"href":"https:\/\/www.laempanaderiaespanola.com\/es\/wp-json\/wp\/v2\/comments?post=721"}],"version-history":[{"count":9,"href":"https:\/\/www.laempanaderiaespanola.com\/es\/wp-json\/wp\/v2\/pages\/721\/revisions"}],"predecessor-version":[{"id":783,"href":"https:\/\/www.laempanaderiaespanola.com\/es\/wp-json\/wp\/v2\/pages\/721\/revisions\/783"}],"up":[{"embeddable":true,"href":"https:\/\/www.laempanaderiaespanola.com\/es\/wp-json\/wp\/v2\/pages\/22"}],"wp:attachment":[{"href":"https:\/\/www.laempanaderiaespanola.com\/es\/wp-json\/wp\/v2\/media?parent=721"}],"curies":[{"name":"wp","href":"https:\/\/api.w.org\/{rel}","templated":true}]}}